{"id":25,"date":"2026-01-03T13:56:53","date_gmt":"2026-01-03T12:56:53","guid":{"rendered":"https:\/\/epilogy.org\/?page_id=25"},"modified":"2026-01-03T17:27:53","modified_gmt":"2026-01-03T16:27:53","slug":"legal-notices","status":"publish","type":"page","link":"https:\/\/epilogy.org\/fr\/legal-notices","title":{"rendered":"Mentions l\u00e9gales"},"content":{"rendered":"<p><strong>Publishing information<\/strong><\/p>\n<p>The \u201cepilogy.org\u201d website is published by the Epilogy research team.<\/p>\n<p>Epilogy \u2013 Epidemiology and evaluation of therapeutics in dermatology and immune-mediated inflammatory diseases<br \/>\nProfessor \u00c9milie Sbidian<br \/>\nFacult\u00e9 de Sant\u00e9 \u2013 H\u00f4pital Universitaire Henri-Mondor<br \/>\nInstitut Mondor, U955, Inserm<br \/>\n8 rue du G\u00e9n\u00e9ral Sarrail<br \/>\n94010 Cr\u00e9teil \u2013 France<br \/>\nTel.: +(33) 1 49 81 25 01<br \/>\nE-mail: <a href=\"mailto:contact@epilogy.org\">contact@epilogy.org<\/a><br \/>\nwww.epilogy.org<\/p>\n<p>Date of first publication: 05\/01\/2026.<\/p>\n<p><strong>Coordination and publication director<\/strong><\/p>\n<p>Professor \u00c9milie Sbidian.<\/p>\n<p><strong>Hosting: identification of publishers and headquarters<\/strong><\/p>\n<p><strong>Registered office<\/strong><\/p>\n<p>1&amp;1 Internet SARL<br \/>\n7 place de la Gare \u2013 BP 70109<br \/>\n57200 Sarreguemines Cedex \u2013 France<\/p>\n<p>SARL with a share capital of \u20ac100,000<br \/>\nRCS Sarreguemines B 431 303 775<br \/>\nSIRET: 431 303 775 000 16<br \/>\nAPE code: 6201Z<br \/>\nIntra-community VAT identification: FR 13 431303775<\/p>\n<p><strong>Contact<\/strong><\/p>\n<p>Tel.: 0970 808 911 \u2013 E-mail: <a href=\"mailto:info@ionos.fr\">info@ionos.fr<\/a><\/p>\n<p><strong>Publisher<\/strong><\/p>\n<p>1&amp;1 IONOS Cloud GmbH<br \/>\nGreifswalder Str. 207<br \/>\n10405 Berlin \u2013 Germany<\/p>\n<p>GmbH with a share capital of \u20ac5,814,171<br \/>\nRCS Charlottenburg HRB 125506 B<br \/>\nSIRET: 29 026 63822<\/p>\n<p>Tel.: +(49) 30 57700 850 \u2013 E-mail: <a href=\"mailto:info@cloud.ionos.de\">info@cloud.ionos.de<\/a><\/p>\n<p><strong>Copyrights<\/strong><\/p>\n<p>The \u201cepilogy.org\u201d website is protected by copyright law. Any use of all or part of it, in particular through reproduction or representation on any medium and by any process, for purposes other than personal and private non-commercial use, is strictly prohibited without prior written authorization.<\/p>\n<p>Content and editorial texts: copyright \u00a9 epilogy.org (Professor \u00c9milie Sbidian).<br \/>\nDevelopment and design: copyright \u00a9 divanessa@orange.fr.<\/p>\n<p><strong>Privacy policy<\/strong><\/p>\n<p>See the pages:<\/p>\n<ul>\n<li><a href=\"https:\/\/epilogy.org\/fr\/cookies\/\">Cookies<\/a><\/li>\n<li><a href=\"https:\/\/epilogy.org\/fr\/gdpr\/\">RGPD<\/a><\/li>\n<\/ul>","protected":false},"excerpt":{"rendered":"<p>Publishing information The \u201cepilogy.org\u201d website is published by the Epilogy research team. Epilogy \u2013 Epidemiology and evaluation of therapeutics in dermatology and immune-mediated inflammatory diseases Professor \u00c9milie Sbidian Facult\u00e9 de Sant\u00e9 \u2013 H\u00f4pital Universitaire Henri-Mondor Institut Mondor, U955, Inserm 8 rue du G\u00e9n\u00e9ral Sarrail 94010 Cr\u00e9teil \u2013 France Tel.: +(33) 1 49 81 25 01&hellip;&nbsp;<a href=\"https:\/\/epilogy.org\/fr\/legal-notices\" rel=\"bookmark\"><span class=\"screen-reader-text\">Mentions l\u00e9gales<\/span><\/a><\/p>","protected":false},"author":1,"featured_media":0,"parent":0,"menu_order":0,"comment_status":"closed","ping_status":"closed","template":"","meta":{"neve_meta_sidebar":"","neve_meta_container":"","neve_meta_enable_content_width":"on","neve_meta_content_width":70,"neve_meta_title_alignment":"","neve_meta_author_avatar":"","neve_post_elements_order":"","neve_meta_disable_header":"","neve_meta_disable_footer":"","neve_meta_disable_title":"","neve_meta_reading_time":"","footnotes":""},"class_list":["post-25","page","type-page","status-publish","hentry"],"_links":{"self":[{"href":"https:\/\/epilogy.org\/fr\/wp-json\/wp\/v2\/pages\/25","targetHints":{"allow":["GET"]}}],"collection":[{"href":"https:\/\/epilogy.org\/fr\/wp-json\/wp\/v2\/pages"}],"about":[{"href":"https:\/\/epilogy.org\/fr\/wp-json\/wp\/v2\/types\/page"}],"author":[{"embeddable":true,"href":"https:\/\/epilogy.org\/fr\/wp-json\/wp\/v2\/users\/1"}],"replies":[{"embeddable":true,"href":"https:\/\/epilogy.org\/fr\/wp-json\/wp\/v2\/comments?post=25"}],"version-history":[{"count":3,"href":"https:\/\/epilogy.org\/fr\/wp-json\/wp\/v2\/pages\/25\/revisions"}],"predecessor-version":[{"id":51,"href":"https:\/\/epilogy.org\/fr\/wp-json\/wp\/v2\/pages\/25\/revisions\/51"}],"wp:attachment":[{"href":"https:\/\/epilogy.org\/fr\/wp-json\/wp\/v2\/media?parent=25"}],"curies":[{"name":"wp","href":"https:\/\/api.w.org\/{rel}","templated":true}]}}